{"id":2596,"date":"2023-11-16T21:24:14","date_gmt":"2023-11-17T05:24:14","guid":{"rendered":"https:\/\/deregil.mx\/?page_id=2596"},"modified":"2025-06-18T14:37:31","modified_gmt":"2025-06-18T21:37:31","slug":"bina","status":"publish","type":"page","link":"https:\/\/deregil.mx\/en\/bina\/","title":{"rendered":"Agenda tu cita con el abogado &#8211; El Binacional invita"},"content":{"rendered":"<p>[et_pb_section fb_built=\u00bb1&#8243; fullwidth=\u00bbon\u00bb _builder_version=\u00bb4.24.2&#8243; _module_preset=\u00bbdefault\u00bb global_colors_info=\u00bb{}\u00bb][et_pb_fullwidth_image src=\u00bbhttp:\/\/deregil.mx\/wp-content\/uploads\/2025\/06\/portada-bina-3.jpg\u00bb title_text=\u00bb250528 Portada Corregida\u00bb _builder_version=\u00bb4.24.2&#8243; _module_preset=\u00bbdefault\u00bb hover_enabled=\u00bb0&#8243; global_colors_info=\u00bb{}\u00bb sticky_enabled=\u00bb0&#8243;][\/et_pb_fullwidth_image][\/et_pb_section][et_pb_section fb_built=\u00bb1&#8243; _builder_version=\u00bb4.21.0&#8243; _module_preset=\u00bbdefault\u00bb global_colors_info=\u00bb{}\u00bb][et_pb_row _builder_version=\u00bb4.21.0&#8243; _module_preset=\u00bbdefault\u00bb global_colors_info=\u00bb{}\u00bb][et_pb_column type=\u00bb4_4&#8243; _builder_version=\u00bb4.21.0&#8243; _module_preset=\u00bbdefault\u00bb global_colors_info=\u00bb{}\u00bb][et_pb_text _builder_version=\u00bb4.21.0&#8243; text_text_color=\u00bb#003153&#8243; text_orientation=\u00bbcenter\u00bb global_module=\u00bb81&#8243; saved_tabs=\u00bball\u00bb global_colors_info=\u00bb{}\u00bb]<\/p>\n<div class=\"et_pb_module et_pb_text et_pb_text_0 et_pb_bg_layout_light  et_pb_text_align_center\">\n<div class=\"et_pb_text_inner\">\n<h3>\u00a1Gracias por tu inter\u00e9s en solicitar una consulta personalizada!<\/h3>\n<p><span>C<\/span>Contact us by filling out the form below. We will get in touch by WhatsApp of call. <strong>Please, watch for our communication very closely!<\/strong><\/p>\n<\/div>\n<\/div>\n<p>[\/et_pb_text][et_pb_code _builder_version=\u00bb4.21.0&#8243; _module_preset=\u00bbdefault\u00bb global_colors_info=\u00bb{}\u00bb]\n<div class=\"wpcf7 no-js\" id=\"wpcf7-f2595-o1\" lang=\"es-ES\" dir=\"ltr\" data-wpcf7-id=\"2595\">\n<div class=\"screen-reader-response\"><p role=\"status\" aria-live=\"polite\" aria-atomic=\"true\"><\/p> <ul><\/ul><\/div>\n<form action=\"\/en\/wp-json\/wp\/v2\/pages\/2596#wpcf7-f2595-o1\" method=\"post\" class=\"wpcf7-form init\" aria-label=\"Formulario de contacto\" novalidate=\"novalidate\" data-status=\"init\" data-trp-original-action=\"\/en\/wp-json\/wp\/v2\/pages\/2596#wpcf7-f2595-o1\">\n<div style=\"display: none;\">\n<input type=\"hidden\" name=\"_wpcf7\" value=\"2595\" \/>\n<input type=\"hidden\" name=\"_wpcf7_version\" value=\"6.0.6\" \/>\n<input type=\"hidden\" name=\"_wpcf7_locale\" value=\"es_ES\" \/>\n<input type=\"hidden\" name=\"_wpcf7_unit_tag\" value=\"wpcf7-f2595-o1\" \/>\n<input type=\"hidden\" name=\"_wpcf7_container_post\" value=\"0\" \/>\n<input type=\"hidden\" name=\"_wpcf7_posted_data_hash\" value=\"\" \/>\n<\/div>\n<p>Name<br \/>\n<span class=\"wpcf7-form-control-wrap\" data-name=\"nombre\"><input size=\"40\" maxlength=\"400\" class=\"wpcf7-form-control wpcf7-text wpcf7-validates-as-required\" aria-required=\"true\" aria-invalid=\"false\" value=\"\" type=\"text\" name=\"nombre\" \/><\/span><br \/>\nMail<br \/>\n<span class=\"wpcf7-form-control-wrap\" data-name=\"correo\"><input size=\"40\" maxlength=\"400\" class=\"wpcf7-form-control wpcf7-email wpcf7-validates-as-required wpcf7-text wpcf7-validates-as-email\" aria-required=\"true\" aria-invalid=\"false\" value=\"\" type=\"email\" name=\"correo\" \/><\/span><br \/>\nCellphone Number<br \/>\n<span class=\"wpcf7-form-control-wrap\" data-name=\"telefono\"><input class=\"wpcf7-form-control wpcf7-number wpcf7-validates-as-required wpcf7-validates-as-number\" min=\"999999999\" max=\"9999999999\" aria-required=\"true\" aria-invalid=\"false\" value=\"\" type=\"number\" name=\"telefono\" \/><\/span><br \/>\nFrom What Country Do You Contact Us?<br \/>\n<span class=\"wpcf7-form-control-wrap\" data-name=\"pais\"><select class=\"wpcf7-form-control wpcf7-select\" aria-invalid=\"false\" name=\"pais\"><option value=\"\u25bc Seleccionar\">\u25bc Select<\/option><option value=\"Estados Unidos\">United States<\/option><option value=\"M\u00e9xico\">Mexico<\/option><option value=\"Otro\">Other<\/option><\/select><\/span><br \/>\nFrom What City Do You Contact Us?<br \/>\n<span class=\"wpcf7-form-control-wrap\" data-name=\"ciudad\"><input size=\"40\" maxlength=\"400\" class=\"wpcf7-form-control wpcf7-text wpcf7-validates-as-required\" aria-required=\"true\" aria-invalid=\"false\" value=\"\" type=\"text\" name=\"ciudad\" \/><\/span><br \/>\nPlease, Explain Your Situation Briefly<br \/>\n<span class=\"wpcf7-form-control-wrap\" data-name=\"situacion\"><textarea cols=\"40\" rows=\"10\" maxlength=\"2000\" class=\"wpcf7-form-control wpcf7-textarea\" aria-invalid=\"false\" name=\"situacion\"><\/textarea><\/span>\n<\/p>\n<p><input class=\"wpcf7-form-control wpcf7-submit has-spinner\" type=\"submit\" value=\"Send\" \/>\n<\/p>\n<p style=\"text-align:center;\">By sending your data you accept our <a href=\"http:\/\/deregil.mx\/en\/privacidad\/\" style=\"color:#666666;font-weight:bold;\">Privacy Policy<\/a>.\n<\/p><div class=\"wpcf7-response-output\" aria-hidden=\"true\"><\/div>\n<input type=\"hidden\" name=\"trp-form-language\" value=\"en\"\/><\/form>\n<\/div>\n[\/et_pb_code][et_pb_text _builder_version=\u00bb4.24.2&#8243; _module_preset=\u00bbdefault\u00bb text_text_color=\u00bb#b7b7b7&#8243; text_orientation=\u00bbcenter\u00bb global_colors_info=\u00bb{}\u00bb]<\/p>\n<p>Servicio s\u00f3lo disponible para personas ubicadas en M\u00e9xico y Estados Unidos. No realizamos tr\u00e1mites de asilo pol\u00edtico.<\/p>\n<p>[\/et_pb_text][\/et_pb_column][\/et_pb_row][\/et_pb_section]<\/p>","protected":false},"excerpt":{"rendered":"<p>\u00a1Gracias por tu inter\u00e9s en solicitar una consulta personalizada! Cont\u00e1ctanos ingresando tus datos en el formulario a continuaci\u00f3n. Nos comunicaremos por WhatsApp o llamada. \u00a1Muy atento a nuestra comunicaci\u00f3n! \n<div class=\"wpcf7 no-js\" id=\"wpcf7-f2595-o2\" lang=\"es-ES\" dir=\"ltr\" data-wpcf7-id=\"2595\">\n<div class=\"screen-reader-response\"><p role=\"status\" aria-live=\"polite\" aria-atomic=\"true\"><\/p> <ul><\/ul><\/div>\n<form action=\"\/en\/wp-json\/wp\/v2\/pages\/2596#wpcf7-f2595-o2\" method=\"post\" class=\"wpcf7-form init\" aria-label=\"Formulario de contacto\" novalidate=\"novalidate\" data-status=\"init\" data-trp-original-action=\"\/en\/wp-json\/wp\/v2\/pages\/2596#wpcf7-f2595-o2\">\n<div style=\"display: none;\">\n<input type=\"hidden\" name=\"_wpcf7\" value=\"2595\" \/>\n<input type=\"hidden\" name=\"_wpcf7_version\" value=\"6.0.6\" \/>\n<input type=\"hidden\" name=\"_wpcf7_locale\" value=\"es_ES\" \/>\n<input type=\"hidden\" name=\"_wpcf7_unit_tag\" value=\"wpcf7-f2595-o2\" \/>\n<input type=\"hidden\" name=\"_wpcf7_container_post\" value=\"0\" \/>\n<input type=\"hidden\" name=\"_wpcf7_posted_data_hash\" value=\"\" \/>\n<\/div>\n<p>Name<br \/>\n<span class=\"wpcf7-form-control-wrap\" data-name=\"nombre\"><input size=\"40\" maxlength=\"400\" class=\"wpcf7-form-control wpcf7-text wpcf7-validates-as-required\" aria-required=\"true\" aria-invalid=\"false\" value=\"\" type=\"text\" name=\"nombre\" \/><\/span><br \/>\nMail<br \/>\n<span class=\"wpcf7-form-control-wrap\" data-name=\"correo\"><input size=\"40\" maxlength=\"400\" class=\"wpcf7-form-control wpcf7-email wpcf7-validates-as-required wpcf7-text wpcf7-validates-as-email\" aria-required=\"true\" aria-invalid=\"false\" value=\"\" type=\"email\" name=\"correo\" \/><\/span><br \/>\nCellphone Number<br \/>\n<span class=\"wpcf7-form-control-wrap\" data-name=\"telefono\"><input class=\"wpcf7-form-control wpcf7-number wpcf7-validates-as-required wpcf7-validates-as-number\" min=\"999999999\" max=\"9999999999\" aria-required=\"true\" aria-invalid=\"false\" value=\"\" type=\"number\" name=\"telefono\" \/><\/span><br \/>\nFrom What Country Do You Contact Us?<br \/>\n<span class=\"wpcf7-form-control-wrap\" data-name=\"pais\"><select class=\"wpcf7-form-control wpcf7-select\" aria-invalid=\"false\" name=\"pais\"><option value=\"\u25bc Seleccionar\">\u25bc Select<\/option><option value=\"Estados Unidos\">United States<\/option><option value=\"M\u00e9xico\">Mexico<\/option><option value=\"Otro\">Other<\/option><\/select><\/span><br \/>\nFrom What City Do You Contact Us?<br \/>\n<span class=\"wpcf7-form-control-wrap\" data-name=\"ciudad\"><input size=\"40\" maxlength=\"400\" class=\"wpcf7-form-control wpcf7-text wpcf7-validates-as-required\" aria-required=\"true\" aria-invalid=\"false\" value=\"\" type=\"text\" name=\"ciudad\" \/><\/span><br \/>\nPlease, Explain Your Situation Briefly<br \/>\n<span class=\"wpcf7-form-control-wrap\" data-name=\"situacion\"><textarea cols=\"40\" rows=\"10\" maxlength=\"2000\" class=\"wpcf7-form-control wpcf7-textarea\" aria-invalid=\"false\" name=\"situacion\"><\/textarea><\/span>\n<\/p>\n<p><input class=\"wpcf7-form-control wpcf7-submit has-spinner\" type=\"submit\" value=\"Send\" \/>\n<\/p>\n<p style=\"text-align:center;\">By sending your data you accept our <a href=\"http:\/\/deregil.mx\/en\/privacidad\/\" style=\"color:#666666;font-weight:bold;\">Privacy Policy<\/a>.\n<\/p><div class=\"wpcf7-response-output\" aria-hidden=\"true\"><\/div>\n<input type=\"hidden\" name=\"trp-form-language\" value=\"en\"\/><\/form>\n<\/div>\nServicio s\u00f3lo disponible para personas ubicadas en M\u00e9xico y Estados Unidos. No realizamos tr\u00e1mites de asilo pol\u00edtico.<\/p>","protected":false},"author":1,"featured_media":0,"parent":0,"menu_order":0,"comment_status":"closed","ping_status":"closed","template":"page-template-blank.php","meta":{"_et_pb_use_builder":"on","_et_pb_old_content":"","_et_gb_content_width":"","footnotes":""},"class_list":["post-2596","page","type-page","status-publish","hentry"],"_links":{"self":[{"href":"https:\/\/deregil.mx\/en\/wp-json\/wp\/v2\/pages\/2596","targetHints":{"allow":["GET"]}}],"collection":[{"href":"https:\/\/deregil.mx\/en\/wp-json\/wp\/v2\/pages"}],"about":[{"href":"https:\/\/deregil.mx\/en\/wp-json\/wp\/v2\/types\/page"}],"author":[{"embeddable":true,"href":"https:\/\/deregil.mx\/en\/wp-json\/wp\/v2\/users\/1"}],"replies":[{"embeddable":true,"href":"https:\/\/deregil.mx\/en\/wp-json\/wp\/v2\/comments?post=2596"}],"version-history":[{"count":7,"href":"https:\/\/deregil.mx\/en\/wp-json\/wp\/v2\/pages\/2596\/revisions"}],"predecessor-version":[{"id":2870,"href":"https:\/\/deregil.mx\/en\/wp-json\/wp\/v2\/pages\/2596\/revisions\/2870"}],"wp:attachment":[{"href":"https:\/\/deregil.mx\/en\/wp-json\/wp\/v2\/media?parent=2596"}],"curies":[{"name":"wp","href":"https:\/\/api.w.org\/{rel}","templated":true}]}}