{"id":2832,"date":"2025-02-24T18:15:09","date_gmt":"2025-02-25T02:15:09","guid":{"rendered":"https:\/\/deregil.mx\/?page_id=2832"},"modified":"2025-02-24T18:21:52","modified_gmt":"2025-02-25T02:21:52","slug":"formulario-enviado","status":"publish","type":"page","link":"https:\/\/deregil.mx\/en\/ad\/formulario-enviado\/","title":{"rendered":"Agenda tu cita con el abogado &#8211; Google Ads &#8211; Formulario Enviado"},"content":{"rendered":"<p>[et_pb_section fb_built=\u00bb1&#8243; module_id=\u00bbformulario\u00bb _builder_version=\u00bb4.16&#8243; global_colors_info=\u00bb{}\u00bb][et_pb_row _builder_version=\u00bb4.16&#8243; global_colors_info=\u00bb{}\u00bb][et_pb_column type=\u00bb4_4&#8243; _builder_version=\u00bb4.16&#8243; global_colors_info=\u00bb{}\u00bb][et_pb_text _builder_version=\u00bb4.24.2&#8243; text_orientation=\u00bbcenter\u00bb hover_enabled=\u00bb0&#8243; global_colors_info=\u00bb{}\u00bb sticky_enabled=\u00bb0&#8243;]<\/p>\n<h3>\u00a1Tu informaci\u00f3n ha sido enviada!<\/h3>\n<p>El equipo de abogados se comunicar\u00e1 contigo tan pronto sea posible por WhatsApp o llamada. Puedes cerrar esta p\u00e1gina ahora.<\/p>\n<p>[\/et_pb_text][\/et_pb_column][\/et_pb_row][\/et_pb_section]<\/p>","protected":false},"excerpt":{"rendered":"<p>\u00a1Tu informaci\u00f3n ha sido enviada! El equipo de abogados se comunicar\u00e1 contigo tan pronto sea posible por WhatsApp o llamada. Puedes cerrar esta p\u00e1gina ahora.<\/p>","protected":false},"author":1,"featured_media":0,"parent":316,"menu_order":0,"comment_status":"closed","ping_status":"closed","template":"page-template-blank.php","meta":{"_et_pb_use_builder":"on","_et_pb_old_content":"","_et_gb_content_width":"","footnotes":""},"class_list":["post-2832","page","type-page","status-publish","hentry"],"_links":{"self":[{"href":"https:\/\/deregil.mx\/en\/wp-json\/wp\/v2\/pages\/2832","targetHints":{"allow":["GET"]}}],"collection":[{"href":"https:\/\/deregil.mx\/en\/wp-json\/wp\/v2\/pages"}],"about":[{"href":"https:\/\/deregil.mx\/en\/wp-json\/wp\/v2\/types\/page"}],"author":[{"embeddable":true,"href":"https:\/\/deregil.mx\/en\/wp-json\/wp\/v2\/users\/1"}],"replies":[{"embeddable":true,"href":"https:\/\/deregil.mx\/en\/wp-json\/wp\/v2\/comments?post=2832"}],"version-history":[{"count":3,"href":"https:\/\/deregil.mx\/en\/wp-json\/wp\/v2\/pages\/2832\/revisions"}],"predecessor-version":[{"id":2838,"href":"https:\/\/deregil.mx\/en\/wp-json\/wp\/v2\/pages\/2832\/revisions\/2838"}],"up":[{"embeddable":true,"href":"https:\/\/deregil.mx\/en\/wp-json\/wp\/v2\/pages\/316"}],"wp:attachment":[{"href":"https:\/\/deregil.mx\/en\/wp-json\/wp\/v2\/media?parent=2832"}],"curies":[{"name":"wp","href":"https:\/\/api.w.org\/{rel}","templated":true}]}}