{"id":3,"date":"2020-08-10T00:20:23","date_gmt":"2020-08-10T00:20:23","guid":{"rendered":"http:\/\/deregil.mx\/?page_id=3"},"modified":"2025-12-10T14:48:03","modified_gmt":"2025-12-10T22:48:03","slug":"privacidad","status":"publish","type":"page","link":"https:\/\/deregil.mx\/en\/privacidad\/","title":{"rendered":"Pol\u00edtica de privacidad"},"content":{"rendered":"[et_pb_section fb_built=\u00bb1&#8243; admin_label=\u00bbsection\u00bb _builder_version=\u00bb4.16&#8243; global_colors_info=\u00bb{}\u00bb][et_pb_row admin_label=\u00bbrow\u00bb _builder_version=\u00bb4.16&#8243; background_size=\u00bbinitial\u00bb background_position=\u00bbtop_left\u00bb background_repeat=\u00bbrepeat\u00bb global_colors_info=\u00bb{}\u00bb][et_pb_column type=\u00bb4_4&#8243; _builder_version=\u00bb4.16&#8243; custom_padding=\u00bb|||\u00bb global_colors_info=\u00bb{}\u00bb custom_padding__hover=\u00bb|||\u00bb][et_pb_text admin_label=\u00bbText\u00bb _builder_version=\u00bb4.21.0&#8243; background_size=\u00bbinitial\u00bb background_position=\u00bbtop_left\u00bb background_repeat=\u00bbrepeat\u00bb global_colors_info=\u00bb{}\u00bb]<h2>Pol\u00edtica de privacidad<strong style=\"font-size: 16px;\"><\/strong><\/h2>\n<p><strong style=\"font-size: 16px;\">1.Recolecci\u00f3n de la informaci\u00f3n\u00a0<\/strong><\/p>\n<p>Recogemos informaci\u00f3n sobre usted cuando se registra en nuestro sitio, ingresa a su cuenta, o participa en un concurso. La informaci\u00f3n recolectada incluye su nombre, direcci\u00f3n de correo electr\u00f3nico, n\u00famero de tel\u00e9fono y otros datos personales. Adem\u00e1s, recibimos y registramos autom\u00e1ticamente informaci\u00f3n sobre su computadora y su navegador, incluyendo su direcci\u00f3n IP, programa y atributos de hardware, y la p\u00e1gina que solicit\u00f3.<!-- \/wp:post-content --><!-- wp:paragraph --><\/p>\n<p><!-- wp:paragraph --><\/p>\n<p><strong>2. Uso de la informaci\u00f3n <\/strong><\/p>\n<p>Cualquier informaci\u00f3n que recolectamos sobre usted puede ser utilizada para: Personalizar su experiencia y responder a sus necesidades individuales. Proporcionar contenido publicitario personalizado. Mejorar nuestro sitio web. Mejorar el servicio al consumidor y sus necesidades de soporte. Contactarlo por correo electr\u00f3nico. Administrar un concurso, promoci\u00f3n o encuesta<\/p>\n<p><!-- \/wp:paragraph --><\/p>\n<p><!-- wp:paragraph --><\/p>\n<p><strong>3. Privacidad del comercio electr\u00f3nico <\/strong><\/p>\n<p>Nosotros somos los \u00fanicos propietarios de la informaci\u00f3n recolectada en este sitio. Su informaci\u00f3n de identificaci\u00f3n personal no ser\u00e1 vendida, intercambiada, transferida ni proporcionada a ninguna empresa de terceros por ninguna raz\u00f3n, sin su consentimiento, a menos que sea necesario para cumplir con una solicitud y\/o transacci\u00f3n, por ejemplo, para enviar un pedido.<\/p>\n<p><!-- \/wp:paragraph --><\/p>\n<p><!-- wp:paragraph --><\/p>\n<p><strong>4. Divulgaci\u00f3n a terceros <\/strong><\/p>\n<p>Nosotros no vendemos, intercambiamos, ni transferimos de ning\u00fan otro modo a terceros externos su informaci\u00f3n de identificaci\u00f3n personal. Esto no incluye terceros confiables que nos asisten para operar nuestro sitio web o llevar a cabo nuestro negocio, siempre que las partes acepten mantener esta informaci\u00f3n confidencial. Creemos que es necesario compartir informaci\u00f3n para investigar, prevenir o tomar medidas respecto a actividades ilegales, sospechas de fraude, situaciones que impliquen amenazas potenciales a la seguridad f\u00edsica de cualquier persona, violaciones de nuestros t\u00e9rminos de uso, o que de otra manera sea requerido por la ley. Sin embargo, la informaci\u00f3n no privada puede ser provista a terceros para usos de marketing, publicidad u otros.<\/p>\n<p><!-- \/wp:paragraph --><\/p>\n<p><!-- wp:paragraph --><\/p>\n<p><strong>5. Protecci\u00f3n de la informaci\u00f3n <\/strong><\/p>\n<p>Implementamos distintas medidas de seguridad para mantener la seguridad de su informaci\u00f3n personal. Utilizamos encriptaci\u00f3n avanzada para proteger informaci\u00f3n confidencial transmitida en l\u00ednea. Solo los empleados que necesitan realizar una tarea espec\u00edfica (por ejemplo, la facturaci\u00f3n o atenci\u00f3n al cliente) tienen acceso a la informaci\u00f3n de identificaci\u00f3n personal. Las computadoras y servidores usados para almacenar la informaci\u00f3n de identificaci\u00f3n personal est\u00e1n guardados en un entorno seguro. \u00bfUsamos cookies? S\u00ed. Nuestras cookies mejoran el acceso a nuestro sitio e identifican a los visitantes frecuentes. Lo que es m\u00e1s, nuestras cookies mejoran la experiencia del usuario haciendo un seguimiento de sus intereses. Sin embargo, este uso de cookies no est\u00e1 relacionado de ninguna manera a cualquier informaci\u00f3n de identificaci\u00f3n personal en nuestro sitio.<!-- \/wp:paragraph --><\/p>\n<p><!-- wp:paragraph --><\/p>\n<p><strong>6.\u2060 \u2060Uso de WhatsApp y Mensajer\u00eda Electr\u00f3nica<\/strong><\/p>\n<p>Al proporcionar su n\u00famero de tel\u00e9fono y marcar las casillas de consentimiento correspondientes, usted acepta recibir comunicaciones a trav\u00e9s de WhatsApp, incluyendo:<\/p>\n<p>Confirmaciones o recordatorios de citas, actualizaciones sobre su proceso o expediente, solicitud de documentos, respuestas a formularios, consultas o mensajes iniciados por usted, informaci\u00f3n transaccional relacionada con servicios que usted haya solicitado<\/p>\n<p>No utilizamos WhatsApp para enviar publicidad masiva ni promociones no solicitadas. Todas las comunicaciones se limitan a informaci\u00f3n relevante, necesaria o relacionada con su solicitud o servicio activo.<\/p>\n<p>Derechos del usuario en WhatsApp:<\/p>\n<p>Puede responder STOP en cualquier momento para dejar de recibir mensajes por este medio. Tambi\u00e9n puede solicitar la eliminaci\u00f3n de sus datos o revocar su consentimiento escribi\u00e9ndonos directamente. El uso de WhatsApp implica el tratamiento de datos bajo los t\u00e9rminos y condiciones de Meta Platforms, Inc. Recomendamos consultar sus pol\u00edticas de privacidad para m\u00e1s informaci\u00f3n.<\/p>\n<p><strong>7.\u2060 \u2060Desuscribirse<\/strong><\/p>\n<p>Puede darse de baja de correos electr\u00f3nicos o comunicaciones electr\u00f3nicas siguiendo las instrucciones incluidas en la parte inferior de cada mensaje. Para detener mensajes en WhatsApp, puede responder STOP o comunicarse directamente con nosotros.<\/p>\n<p><strong>8.\u2060 \u2060Consentimiento<\/strong><\/p>\n<p>Al utilizar nuestro sitio, proporcionar su informaci\u00f3n o aceptar comunicarse a trav\u00e9s de correo electr\u00f3nico o WhatsApp, usted manifiesta estar de acuerdo con esta Pol\u00edtica de Privacidad.<\/p>\n<p>&nbsp;<\/p>\n<p><!-- \/wp:paragraph --><\/p>[\/et_pb_text][\/et_pb_column][\/et_pb_row][\/et_pb_section]","protected":false},"excerpt":{"rendered":"<p>Pol\u00edtica de privacidad 1.Recolecci\u00f3n de la informaci\u00f3n\u00a0 Recogemos informaci\u00f3n sobre usted cuando se registra en nuestro sitio, ingresa a su cuenta, o participa en un concurso. La informaci\u00f3n recolectada incluye su nombre, direcci\u00f3n de correo electr\u00f3nico, n\u00famero de tel\u00e9fono y otros datos personales. Adem\u00e1s, recibimos y registramos autom\u00e1ticamente informaci\u00f3n sobre su computadora y su navegador, [&hellip;]<\/p>","protected":false},"author":1,"featured_media":0,"parent":0,"menu_order":0,"comment_status":"closed","ping_status":"open","template":"page-template-blank.php","meta":{"_et_pb_use_builder":"on","_et_pb_old_content":"<!-- wp:paragraph -->\n<p><strong>1.Recolecci\u00f3n de la informaci\u00f3n&nbsp;<\/strong><\/p>\n<!-- \/wp:paragraph -->\n\n<!-- wp:paragraph -->\n<p>Recogemos informaci\u00f3n sobre usted cuando se registra en nuestro sitio, ingresa a su cuenta, o participa en un concurso. La informaci\u00f3n recolectada incluye su nombre, direcci\u00f3n de correo electr\u00f3nico, n\u00famero de tel\u00e9fono y otros datos personales. Adem\u00e1s, recibimos y registramos autom\u00e1ticamente informaci\u00f3n sobre su computadora y su navegador, incluyendo su direcci\u00f3n IP, programa y atributos de hardware, y la p\u00e1gina que solicit\u00f3.<\/p>\n<!-- \/wp:paragraph -->\n\n<!-- wp:paragraph -->\n<p><strong>2. Uso de la informaci\u00f3n&nbsp;<\/strong><br>Cualquier informaci\u00f3n que recolectamos sobre usted puede ser utilizada para:: Personalizar su experiencia y responder a sus necesidades individuales Proporcionar contenido publicitario personalizado Mejorar nuestro sitio web Mejorar el servicio al consumidor y sus necesidades de soporte Contactarlo por correo electr\u00f3nico Administrar un concurso, promoci\u00f3n o encuesta<\/p>\n<!-- \/wp:paragraph -->\n\n<!-- wp:paragraph -->\n<p><strong>3. Privacidad del comercio electr\u00f3nico&nbsp;<\/strong><br>Nosotros somos los \u00fanicos propietarios de la informaci\u00f3n recolectada en este sitio. Su informaci\u00f3n de identificaci\u00f3n personal no ser\u00e1 vendida, intercambiada, transferida ni proporcionada a ninguna empresa de terceros por ninguna raz\u00f3n, sin su consentimiento, a menos que sea necesario para cumplir con una solicitud y\/o transacci\u00f3n, por ejemplo, para enviar un pedido.<\/p>\n<!-- \/wp:paragraph -->\n\n<!-- wp:paragraph -->\n<p><strong>4. Divulgaci\u00f3n a terceros&nbsp;<\/strong><br>Nosotros no vendemos, intercambiamos, ni transferimos de ning\u00fan otro modo a terceros externos su informaci\u00f3n de identificaci\u00f3n personal. Esto no incluye terceros confiables que nos asisten para operar nuestro sitio web o llevar a cabo nuestro negocio, siempre que las partes acepten mantener esta informaci\u00f3n confidencial. Creemos que es necesario compartir informaci\u00f3n para investigar, prevenir o tomar medidas respecto a actividades ilegales, sospechas de fraude, situaciones que impliquen amenazas potenciales a la seguridad f\u00edsica de cualquier persona, violaciones de nuestros t\u00e9rminos de uso, o que de otra manera sea requerido por la ley. Sin embargo, la informaci\u00f3n no privada puede ser provista a terceros para usos de marketing, publicidad u otros.<\/p>\n<!-- \/wp:paragraph -->\n\n<!-- wp:paragraph -->\n<p><strong>5. Protecci\u00f3n de la informaci\u00f3n&nbsp;<\/strong><br>Implementamos distintas medidas de seguridad para mantener la seguridad de su informaci\u00f3n personal. Utilizamos encriptaci\u00f3n de avanzada para proteger informaci\u00f3n confidencial transmitida en l\u00ednea. VpnMentor tambi\u00e9n protege su informaci\u00f3n sin conexi\u00f3n a internet. Solo los empleados que necesitan realizar una tarea espec\u00edfica (por ejemplo, la facturaci\u00f3n o atenci\u00f3n al cliente) tienen acceso a la informaci\u00f3n de identificaci\u00f3n personal. Las computadoras\/servidores usados para almacenar la informaci\u00f3n de identificaci\u00f3n personal est\u00e1n guardados en un entorno seguro. \u00bfUsamos cookies? S\u00ed. Nuestras cookies mejoran el acceso a nuestro sitio e identifican a los visitantes frecuentes. Lo que es m\u00e1s, nuestras cookies mejoran la experiencia del usuario haciendo un seguimiento de sus intereses. Sin embargo, este uso de cookies no est\u00e1 relacionado de ninguna manera a cualquier informaci\u00f3n de identificaci\u00f3n personal en nuestro sitio.<\/p>\n<!-- \/wp:paragraph -->\n\n<!-- wp:paragraph -->\n<p><strong>6. Desuscribirse&nbsp;<\/strong><br>Utilizamos la direcci\u00f3n de correo electr\u00f3nico que usted proporcion\u00f3 para enviarle informaci\u00f3n y actualizaciones relacionadas con su pedido, noticias ocasionales de la empresa, informaci\u00f3n de productos relacionados, etc. Si en alg\u00fan momento usted quisiera desuscribirse para no recibir m\u00e1s correos electr\u00f3nicos futuros, incluimos instrucciones detalladas para finalizar la suscripci\u00f3n al pie de cada correo.<\/p>\n<!-- \/wp:paragraph -->\n\n<!-- wp:paragraph -->\n<p><strong>7. Consentimiento&nbsp;<\/strong><br>Al utilizar nuestro sitio, usted brinda su consentimiento a nuestra pol\u00edtica de privacidad.<\/p>\n<!-- \/wp:paragraph -->","_et_gb_content_width":"1080","footnotes":""},"class_list":["post-3","page","type-page","status-publish","hentry"],"_links":{"self":[{"href":"https:\/\/deregil.mx\/en\/wp-json\/wp\/v2\/pages\/3","targetHints":{"allow":["GET"]}}],"collection":[{"href":"https:\/\/deregil.mx\/en\/wp-json\/wp\/v2\/pages"}],"about":[{"href":"https:\/\/deregil.mx\/en\/wp-json\/wp\/v2\/types\/page"}],"author":[{"embeddable":true,"href":"https:\/\/deregil.mx\/en\/wp-json\/wp\/v2\/users\/1"}],"replies":[{"embeddable":true,"href":"https:\/\/deregil.mx\/en\/wp-json\/wp\/v2\/comments?post=3"}],"version-history":[{"count":6,"href":"https:\/\/deregil.mx\/en\/wp-json\/wp\/v2\/pages\/3\/revisions"}],"predecessor-version":[{"id":2876,"href":"https:\/\/deregil.mx\/en\/wp-json\/wp\/v2\/pages\/3\/revisions\/2876"}],"wp:attachment":[{"href":"https:\/\/deregil.mx\/en\/wp-json\/wp\/v2\/media?parent=3"}],"curies":[{"name":"wp","href":"https:\/\/api.w.org\/{rel}","templated":true}]}}