{"id":367,"date":"2022-03-19T21:10:24","date_gmt":"2022-03-20T04:10:24","guid":{"rendered":"https:\/\/deregil.mx\/?page_id=367"},"modified":"2024-03-22T20:15:51","modified_gmt":"2024-03-23T03:15:51","slug":"veterinario","status":"publish","type":"page","link":"https:\/\/deregil.mx\/en\/veterinario\/","title":{"rendered":"Buscamos Veterinario para trabajar en EU"},"content":{"rendered":"<p>[et_pb_section fb_built=\u00bb1&#8243; fullwidth=\u00bbon\u00bb _builder_version=\u00bb4.4.3&#8243;][et_pb_fullwidth_image src=\u00bbhttps:\/\/deregil.mx\/wp-content\/uploads\/2022\/03\/19-Portada.jpg\u00bb _builder_version=\u00bb4.4.3&#8243; hover_enabled=\u00bb0&#8243;][\/et_pb_fullwidth_image][\/et_pb_section][et_pb_section fb_built=\u00bb1&#8243; _builder_version=\u00bb4.4.3&#8243;][et_pb_row _builder_version=\u00bb4.4.3&#8243;][et_pb_column type=\u00bb4_4&#8243; _builder_version=\u00bb4.4.3&#8243;][et_pb_text _builder_version=\u00bb4.4.3&#8243; text_orientation=\u00bbcenter\u00bb]<\/p>\n<p>\u00a1Hola! Somos un despacho con m\u00e1s de 25 a\u00f1os de experiencia en materia migratoria, y queremos ayudar a profesionistas a lograr sus sue\u00f1os de desarrollo laboral.<\/p>\n<p>Deja tus datos en el formulario a continuaci\u00f3n para obtener la oportunidad de solicitar un trabajo en los Estados Unidos. Si eres seleccionado, nosotros te contactaremos, tan pronto como sea posible, con m\u00e1s detalles sobre como continuar tu proceso de admisi\u00f3n.<\/p>\n<p>[\/et_pb_text][\/et_pb_column][\/et_pb_row][et_pb_row _builder_version=\u00bb4.4.3&#8243;][et_pb_column type=\u00bb4_4&#8243; _builder_version=\u00bb4.4.3&#8243;][et_pb_code _builder_version=\u00bb4.4.3&#8243; hover_enabled=\u00bb0&#8243;]\n<div class=\"wpcf7 no-js\" id=\"wpcf7-f374-o1\" lang=\"es-ES\" dir=\"ltr\" data-wpcf7-id=\"374\">\n<div class=\"screen-reader-response\"><p role=\"status\" aria-live=\"polite\" aria-atomic=\"true\"><\/p> <ul><\/ul><\/div>\n<form action=\"\/en\/wp-json\/wp\/v2\/pages\/367#wpcf7-f374-o1\" method=\"post\" class=\"wpcf7-form init\" aria-label=\"Formulario de contacto\" novalidate=\"novalidate\" data-status=\"init\" data-trp-original-action=\"\/en\/wp-json\/wp\/v2\/pages\/367#wpcf7-f374-o1\">\n<div style=\"display: none;\">\n<input type=\"hidden\" name=\"_wpcf7\" value=\"374\" \/>\n<input type=\"hidden\" name=\"_wpcf7_version\" value=\"6.0.6\" \/>\n<input type=\"hidden\" name=\"_wpcf7_locale\" value=\"es_ES\" \/>\n<input type=\"hidden\" name=\"_wpcf7_unit_tag\" value=\"wpcf7-f374-o1\" \/>\n<input type=\"hidden\" name=\"_wpcf7_container_post\" value=\"0\" \/>\n<input type=\"hidden\" name=\"_wpcf7_posted_data_hash\" value=\"\" \/>\n<\/div>\n<p>Name<br \/>\n<span class=\"wpcf7-form-control-wrap\" data-name=\"nombre\"><input size=\"40\" maxlength=\"400\" class=\"wpcf7-form-control wpcf7-text wpcf7-validates-as-required\" aria-required=\"true\" aria-invalid=\"false\" value=\"\" type=\"text\" name=\"nombre\" \/><\/span><br \/>\nMail<br \/>\n<span class=\"wpcf7-form-control-wrap\" data-name=\"correo\"><input size=\"40\" maxlength=\"400\" class=\"wpcf7-form-control wpcf7-text wpcf7-validates-as-required\" aria-required=\"true\" aria-invalid=\"false\" value=\"\" type=\"text\" name=\"correo\" \/><\/span><br \/>\nCellphone Number<br \/>\n<span class=\"wpcf7-form-control-wrap\" data-name=\"telefono\"><input class=\"wpcf7-form-control wpcf7-number wpcf7-validates-as-required wpcf7-validates-as-number\" min=\"999999999\" max=\"9999999999\" aria-required=\"true\" aria-invalid=\"false\" value=\"\" type=\"number\" name=\"telefono\" \/><\/span><br \/>\n\u00bfDe qu\u00e9 instituci\u00f3n te titulaste?<br \/>\n<span class=\"wpcf7-form-control-wrap\" data-name=\"institucion\"><input size=\"40\" maxlength=\"400\" class=\"wpcf7-form-control wpcf7-text wpcf7-validates-as-required\" aria-required=\"true\" aria-invalid=\"false\" value=\"\" type=\"text\" name=\"institucion\" \/><\/span><br \/>\n\u00bfEn qu\u00e9 a\u00f1o te titulaste?<br \/>\n<span class=\"wpcf7-form-control-wrap\" data-name=\"titulaste\"><input class=\"wpcf7-form-control wpcf7-number wpcf7-validates-as-required wpcf7-validates-as-number\" min=\"1950\" max=\"2022\" aria-required=\"true\" aria-invalid=\"false\" value=\"\" type=\"number\" name=\"titulaste\" \/><\/span><br \/>\n\u00bfEn qu\u00e9 a\u00f1o se vence tu pasaporte?<br \/>\n<span class=\"wpcf7-form-control-wrap\" data-name=\"pasaporte\"><input class=\"wpcf7-form-control wpcf7-number wpcf7-validates-as-required wpcf7-validates-as-number\" min=\"2021\" max=\"2033\" aria-required=\"true\" aria-invalid=\"false\" value=\"\" type=\"number\" name=\"pasaporte\" \/><\/span>\n<\/p>\n<p><input class=\"wpcf7-form-control wpcf7-submit has-spinner\" type=\"submit\" value=\"Send\" \/>\n<\/p>\n<p style=\"text-align:center;\">By sending your data you accept our <a href=\"http:\/\/deregil.mx\/en\/privacidad\/\" style=\"color:#666666;font-weight:bold;\">Privacy Policy<\/a>.\n<\/p><div class=\"wpcf7-response-output\" aria-hidden=\"true\"><\/div>\n<input type=\"hidden\" name=\"trp-form-language\" value=\"en\"\/><\/form>\n<\/div>\n[\/et_pb_code][et_pb_code admin_label=\u00bbColor del bot\u00f3n\u00bb _builder_version=\u00bb4.4.3&#8243;]<script><!-- [et_pb_line_break_holder] -->var ColorBoton = \"#003153\";<!-- [et_pb_line_break_holder] --><!-- [et_pb_line_break_holder] -->jQuery(function($){<!-- [et_pb_line_break_holder] -->$(\".wpcf7-submit\").css(\"background-color\", ColorBoton );<!-- [et_pb_line_break_holder] -->});<!-- [et_pb_line_break_holder] --><\/script>[\/et_pb_code][\/et_pb_column][\/et_pb_row][\/et_pb_section]<\/p>","protected":false},"excerpt":{"rendered":"<p>\u00a1Hola! Somos un despacho con m\u00e1s de 25 a\u00f1os de experiencia en materia migratoria, y queremos ayudar a profesionistas a lograr sus sue\u00f1os de desarrollo laboral. Deja tus datos en el formulario a continuaci\u00f3n para obtener la oportunidad de solicitar un trabajo en los Estados Unidos. Si eres seleccionado, nosotros te contactaremos, tan pronto como [&hellip;]<\/p>","protected":false},"author":1,"featured_media":0,"parent":0,"menu_order":0,"comment_status":"closed","ping_status":"closed","template":"","meta":{"_et_pb_use_builder":"on","_et_pb_old_content":"","_et_gb_content_width":"","footnotes":""},"class_list":["post-367","page","type-page","status-publish","hentry"],"_links":{"self":[{"href":"https:\/\/deregil.mx\/en\/wp-json\/wp\/v2\/pages\/367","targetHints":{"allow":["GET"]}}],"collection":[{"href":"https:\/\/deregil.mx\/en\/wp-json\/wp\/v2\/pages"}],"about":[{"href":"https:\/\/deregil.mx\/en\/wp-json\/wp\/v2\/types\/page"}],"author":[{"embeddable":true,"href":"https:\/\/deregil.mx\/en\/wp-json\/wp\/v2\/users\/1"}],"replies":[{"embeddable":true,"href":"https:\/\/deregil.mx\/en\/wp-json\/wp\/v2\/comments?post=367"}],"version-history":[{"count":6,"href":"https:\/\/deregil.mx\/en\/wp-json\/wp\/v2\/pages\/367\/revisions"}],"predecessor-version":[{"id":2700,"href":"https:\/\/deregil.mx\/en\/wp-json\/wp\/v2\/pages\/367\/revisions\/2700"}],"wp:attachment":[{"href":"https:\/\/deregil.mx\/en\/wp-json\/wp\/v2\/media?parent=367"}],"curies":[{"name":"wp","href":"https:\/\/api.w.org\/{rel}","templated":true}]}}