{"id":686,"date":"2022-06-21T11:48:04","date_gmt":"2022-06-21T18:48:04","guid":{"rendered":"https:\/\/deregil.mx\/?page_id=403"},"modified":"2023-11-13T21:43:04","modified_gmt":"2023-11-14T05:43:04","slug":"mexicali","status":"publish","type":"page","link":"https:\/\/deregil.mx\/en\/mexicali\/","title":{"rendered":"Mexicali 686"},"content":{"rendered":"<p>[et_pb_section fb_built=\u00bb1&#8243; fullwidth=\u00bbon\u00bb _builder_version=\u00bb4.16&#8243; saved_tabs=\u00bball\u00bb global_colors_info=\u00bb{}\u00bb global_module=\u00bb61&#8243; theme_builder_area=\u00bbpost_content\u00bb][et_pb_fullwidth_image src=\u00bbhttps:\/\/deregil.mx\/wp-content\/uploads\/2023\/09\/230928-Portada.jpg\u00bb title_text=\u00bb230928 Portada\u00bb _builder_version=\u00bb4.21.0&#8243; global_colors_info=\u00bb{}\u00bb theme_builder_area=\u00bbpost_content\u00bb][\/et_pb_fullwidth_image][\/et_pb_section][et_pb_section fb_built=\u00bb1&#8243; theme_builder_area=\u00bbpost_content\u00bb _builder_version=\u00bb4.21.0&#8243; _module_preset=\u00bbdefault\u00bb][et_pb_row _builder_version=\u00bb4.21.0&#8243; _module_preset=\u00bbdefault\u00bb theme_builder_area=\u00bbpost_content\u00bb][et_pb_column _builder_version=\u00bb4.21.0&#8243; _module_preset=\u00bbdefault\u00bb type=\u00bb4_4&#8243; theme_builder_area=\u00bbpost_content\u00bb][et_pb_text _builder_version=\u00bb4.21.0&#8243; text_text_color=\u00bb#003153&#8243; text_orientation=\u00bbcenter\u00bb saved_tabs=\u00bball\u00bb global_colors_info=\u00bb{}\u00bb global_module=\u00bb81&#8243; theme_builder_area=\u00bbpost_content\u00bb]<\/p>\n<div class=\"et_pb_module et_pb_text et_pb_text_0 et_pb_bg_layout_light  et_pb_text_align_center\">\n<div class=\"et_pb_text_inner\">\n<h3>\u00a1Gracias por tu inter\u00e9s en solicitar una consulta gratis!<\/h3>\n<p><span>C<\/span>ont\u00e1ctanos ingresando tus datos en el formulario a continuaci\u00f3n. Nos comunicaremos por WhatsApp o llamada. <strong>\u00a1Muy atento a nuestra comunicaci\u00f3n!<\/strong><\/p>\n<\/div>\n<\/div>\n<p>[\/et_pb_text][et_pb_code _builder_version=\u00bb4.21.0&#8243; _module_preset=\u00bbdefault\u00bb theme_builder_area=\u00bbpost_content\u00bb hover_enabled=\u00bb0&#8243; sticky_enabled=\u00bb0&#8243;]\n<div class=\"wpcf7 no-js\" id=\"wpcf7-f408-o1\" lang=\"es-ES\" dir=\"ltr\" data-wpcf7-id=\"408\">\n<div class=\"screen-reader-response\"><p role=\"status\" aria-live=\"polite\" aria-atomic=\"true\"><\/p> <ul><\/ul><\/div>\n<form action=\"\/en\/wp-json\/wp\/v2\/pages\/686#wpcf7-f408-o1\" method=\"post\" class=\"wpcf7-form init\" aria-label=\"Formulario de contacto\" novalidate=\"novalidate\" data-status=\"init\">\n<fieldset class=\"hidden-fields-container\"><input type=\"hidden\" name=\"_wpcf7\" value=\"408\" \/><input type=\"hidden\" name=\"_wpcf7_version\" value=\"6.1.5\" \/><input type=\"hidden\" name=\"_wpcf7_locale\" value=\"es_ES\" \/><input type=\"hidden\" name=\"_wpcf7_unit_tag\" value=\"wpcf7-f408-o1\" \/><input type=\"hidden\" name=\"_wpcf7_container_post\" value=\"0\" \/><input type=\"hidden\" name=\"_wpcf7_posted_data_hash\" value=\"\" \/>\n<\/fieldset>\n<p>Nombre<br \/>\n<span class=\"wpcf7-form-control-wrap\" data-name=\"nombre\"><input size=\"40\" maxlength=\"400\" class=\"wpcf7-form-control wpcf7-text wpcf7-validates-as-required\" aria-required=\"true\" aria-invalid=\"false\" value=\"\" type=\"text\" name=\"nombre\" \/><\/span><br \/>\nCorreo<br \/>\n<span class=\"wpcf7-form-control-wrap\" data-name=\"correo\"><input size=\"40\" maxlength=\"400\" class=\"wpcf7-form-control wpcf7-email wpcf7-validates-as-required wpcf7-text wpcf7-validates-as-email\" aria-required=\"true\" aria-invalid=\"false\" value=\"\" type=\"email\" name=\"correo\" \/><\/span><br \/>\nCelular con lada y sin espacios<br \/>\n<span class=\"wpcf7-form-control-wrap\" data-name=\"telefono\"><input class=\"wpcf7-form-control wpcf7-number wpcf7-validates-as-required wpcf7-validates-as-number\" min=\"999999999\" max=\"9999999999\" aria-required=\"true\" aria-invalid=\"false\" value=\"\" type=\"number\" name=\"telefono\" \/><\/span><br \/>\n\u00bfDe qu\u00e9 pa\u00eds nos contactas?<br \/>\n<span class=\"wpcf7-form-control-wrap\" data-name=\"pais\"><select class=\"wpcf7-form-control wpcf7-select\" aria-invalid=\"false\" name=\"pais\"><option value=\"M\u00e9xico\">M\u00e9xico<\/option><option value=\"Estados Unidos\">Estados Unidos<\/option><option value=\"Otro\">Otro<\/option><\/select><\/span><br \/>\n\u00bfDe qu\u00e9 ciudad nos contactas?<br \/>\n<span class=\"wpcf7-form-control-wrap\" data-name=\"ciudad\"><input size=\"40\" maxlength=\"400\" class=\"wpcf7-form-control wpcf7-text wpcf7-validates-as-required\" aria-required=\"true\" aria-invalid=\"false\" value=\"Mexicali\" type=\"text\" name=\"ciudad\" \/><\/span><br \/>\n\u00bfA qu\u00e9 hora te podemos llamar?<br \/>\n<span class=\"wpcf7-form-control-wrap\" data-name=\"horario\"><input size=\"40\" maxlength=\"400\" class=\"wpcf7-form-control wpcf7-text wpcf7-validates-as-required\" aria-required=\"true\" aria-invalid=\"false\" value=\"\" type=\"text\" name=\"horario\" \/><\/span><br \/>\nExpl\u00edcanos brevemente tu situaci\u00f3n<br \/>\n<span class=\"wpcf7-form-control-wrap\" data-name=\"situacion\"><textarea cols=\"40\" rows=\"10\" maxlength=\"2000\" class=\"wpcf7-form-control wpcf7-textarea\" aria-invalid=\"false\" name=\"situacion\"><\/textarea><\/span>\n<\/p>\n<p><input class=\"wpcf7-form-control wpcf7-submit has-spinner\" type=\"submit\" value=\"Enviar\" \/>\n<\/p>\n<p style=\"text-align:center;\">Al enviar tus datos aceptas nuestro <a href=\"http:\/\/deregil.mx\/privacidad\/\" style=\"color:#666666;font-weight:bold;\">aviso de privacidad<\/a>.\n<\/p><div class=\"wpcf7-response-output\" aria-hidden=\"true\"><\/div>\n<\/form>\n<\/div>\n[\/et_pb_code][et_pb_text _builder_version=\u00bb4.21.0&#8243; _module_preset=\u00bbdefault\u00bb text_text_color=\u00bb#bcbcbc\u00bb text_orientation=\u00bbcenter\u00bb saved_tabs=\u00bball\u00bb global_colors_info=\u00bb{}\u00bb global_module=\u00bb2322&#8243; theme_builder_area=\u00bbpost_content\u00bb]<\/p>\n<p><span>Promoci\u00f3n de consulta gratis v\u00e1lida \u00fanicamente en primera consulta. V\u00e1lida solamente en citas de lunes a viernes. Cantidad limitada, aplica \u00fanicamente con cita previa agendada hasta el 31 de octubre de 2023. Promoci\u00f3n no aplica para tr\u00e1mite de visa de turista, tr\u00e1fico de sustancias il\u00edcitas, tr\u00e1fico de personas indocumentadas, ni declaraci\u00f3n de ciudadan\u00eda falsa. Promoci\u00f3n v\u00e1lida solamente en citas presenciales, no aplica para consultas telef\u00f3nicas ni videollamadas. Servicio s\u00f3lo para personas ubicadas en M\u00e9xico y Estados Unidos, tr\u00e1mites de asilo pol\u00edtico no disponibles.<\/span><\/p>\n<p>[\/et_pb_text][\/et_pb_column][\/et_pb_row][\/et_pb_section]<\/p>\n","protected":false},"excerpt":{"rendered":"<p>\u00a1Gracias por tu inter\u00e9s en solicitar una consulta gratis! Cont\u00e1ctanos ingresando tus datos en el formulario a continuaci\u00f3n. Nos comunicaremos por WhatsApp o llamada. \u00a1Muy atento a nuestra comunicaci\u00f3n! \n<div class=\"wpcf7 no-js\" id=\"wpcf7-f408-o2\" lang=\"es-ES\" dir=\"ltr\" data-wpcf7-id=\"408\">\n<div class=\"screen-reader-response\"><p role=\"status\" aria-live=\"polite\" aria-atomic=\"true\"><\/p> <ul><\/ul><\/div>\n<form action=\"\/en\/wp-json\/wp\/v2\/pages\/686#wpcf7-f408-o2\" method=\"post\" class=\"wpcf7-form init\" aria-label=\"Formulario de contacto\" novalidate=\"novalidate\" data-status=\"init\">\n<fieldset class=\"hidden-fields-container\"><input type=\"hidden\" name=\"_wpcf7\" value=\"408\" \/><input type=\"hidden\" name=\"_wpcf7_version\" value=\"6.1.5\" \/><input type=\"hidden\" name=\"_wpcf7_locale\" value=\"es_ES\" \/><input type=\"hidden\" name=\"_wpcf7_unit_tag\" value=\"wpcf7-f408-o2\" \/><input type=\"hidden\" name=\"_wpcf7_container_post\" value=\"0\" \/><input type=\"hidden\" name=\"_wpcf7_posted_data_hash\" value=\"\" \/>\n<\/fieldset>\n<p>Nombre<br \/>\n<span class=\"wpcf7-form-control-wrap\" data-name=\"nombre\"><input size=\"40\" maxlength=\"400\" class=\"wpcf7-form-control wpcf7-text wpcf7-validates-as-required\" aria-required=\"true\" aria-invalid=\"false\" value=\"\" type=\"text\" name=\"nombre\" \/><\/span><br \/>\nCorreo<br \/>\n<span class=\"wpcf7-form-control-wrap\" data-name=\"correo\"><input size=\"40\" maxlength=\"400\" class=\"wpcf7-form-control wpcf7-email wpcf7-validates-as-required wpcf7-text wpcf7-validates-as-email\" aria-required=\"true\" aria-invalid=\"false\" value=\"\" type=\"email\" name=\"correo\" \/><\/span><br \/>\nCelular con lada y sin espacios<br \/>\n<span class=\"wpcf7-form-control-wrap\" data-name=\"telefono\"><input class=\"wpcf7-form-control wpcf7-number wpcf7-validates-as-required wpcf7-validates-as-number\" min=\"999999999\" max=\"9999999999\" aria-required=\"true\" aria-invalid=\"false\" value=\"\" type=\"number\" name=\"telefono\" \/><\/span><br \/>\n\u00bfDe qu\u00e9 pa\u00eds nos contactas?<br \/>\n<span class=\"wpcf7-form-control-wrap\" data-name=\"pais\"><select class=\"wpcf7-form-control wpcf7-select\" aria-invalid=\"false\" name=\"pais\"><option value=\"M\u00e9xico\">M\u00e9xico<\/option><option value=\"Estados Unidos\">Estados Unidos<\/option><option value=\"Otro\">Otro<\/option><\/select><\/span><br \/>\n\u00bfDe qu\u00e9 ciudad nos contactas?<br \/>\n<span class=\"wpcf7-form-control-wrap\" data-name=\"ciudad\"><input size=\"40\" maxlength=\"400\" class=\"wpcf7-form-control wpcf7-text wpcf7-validates-as-required\" aria-required=\"true\" aria-invalid=\"false\" value=\"Mexicali\" type=\"text\" name=\"ciudad\" \/><\/span><br \/>\n\u00bfA qu\u00e9 hora te podemos llamar?<br \/>\n<span class=\"wpcf7-form-control-wrap\" data-name=\"horario\"><input size=\"40\" maxlength=\"400\" class=\"wpcf7-form-control wpcf7-text wpcf7-validates-as-required\" aria-required=\"true\" aria-invalid=\"false\" value=\"\" type=\"text\" name=\"horario\" \/><\/span><br \/>\nExpl\u00edcanos brevemente tu situaci\u00f3n<br \/>\n<span class=\"wpcf7-form-control-wrap\" data-name=\"situacion\"><textarea cols=\"40\" rows=\"10\" maxlength=\"2000\" class=\"wpcf7-form-control wpcf7-textarea\" aria-invalid=\"false\" name=\"situacion\"><\/textarea><\/span>\n<\/p>\n<p><input class=\"wpcf7-form-control wpcf7-submit has-spinner\" type=\"submit\" value=\"Enviar\" \/>\n<\/p>\n<p style=\"text-align:center;\">Al enviar tus datos aceptas nuestro <a href=\"http:\/\/deregil.mx\/privacidad\/\" style=\"color:#666666;font-weight:bold;\">aviso de privacidad<\/a>.\n<\/p><div class=\"wpcf7-response-output\" aria-hidden=\"true\"><\/div>\n<\/form>\n<\/div>\nPromoci\u00f3n de consulta gratis v\u00e1lida \u00fanicamente en primera consulta. V\u00e1lida solamente en citas de lunes a viernes. Cantidad limitada, aplica \u00fanicamente con cita previa [&hellip;]<\/p>\n","protected":false},"author":1,"featured_media":0,"parent":0,"menu_order":0,"comment_status":"closed","ping_status":"closed","template":"page-template-blank.php","meta":{"_et_pb_use_builder":"on","_et_pb_old_content":"","_et_gb_content_width":"","footnotes":""},"class_list":["post-686","page","type-page","status-publish","hentry"],"_links":{"self":[{"href":"https:\/\/deregil.mx\/en\/wp-json\/wp\/v2\/pages\/686","targetHints":{"allow":["GET"]}}],"collection":[{"href":"https:\/\/deregil.mx\/en\/wp-json\/wp\/v2\/pages"}],"about":[{"href":"https:\/\/deregil.mx\/en\/wp-json\/wp\/v2\/types\/page"}],"author":[{"embeddable":true,"href":"https:\/\/deregil.mx\/en\/wp-json\/wp\/v2\/users\/1"}],"replies":[{"embeddable":true,"href":"https:\/\/deregil.mx\/en\/wp-json\/wp\/v2\/comments?post=686"}],"version-history":[{"count":15,"href":"https:\/\/deregil.mx\/en\/wp-json\/wp\/v2\/pages\/686\/revisions"}],"predecessor-version":[{"id":2581,"href":"https:\/\/deregil.mx\/en\/wp-json\/wp\/v2\/pages\/686\/revisions\/2581"}],"wp:attachment":[{"href":"https:\/\/deregil.mx\/en\/wp-json\/wp\/v2\/media?parent=686"}],"curies":[{"name":"wp","href":"https:\/\/api.w.org\/{rel}","templated":true}]}}